{"id":39,"date":"2012-09-18T10:22:08","date_gmt":"2012-09-18T08:22:08","guid":{"rendered":"http:\/\/www.psvbonn.de\/wp\/?page_id=39"},"modified":"2025-10-08T18:30:46","modified_gmt":"2025-10-08T16:30:46","slug":"schiessen","status":"publish","type":"page","link":"https:\/\/www.psvbonn.de\/wp\/schiessen\/","title":{"rendered":"Sportschie\u00dfen"},"content":{"rendered":"<p><strong>Willkommen auf der Seite der Sportsch\u00fctzen im PSV Bonn!<\/strong><\/p>\n<p>Schie\u00dfen (lernen) kann bei uns jeder \u2013 unabh\u00e4ngig von Alter* und Geschlecht und um bei uns Mitglied zu werden, muss man nicht der Polizei angeh\u00f6ren.<\/p>\n<p>Bei uns wird ausschlie\u00dflich mit Kurzwaffen (Pistole und Revolver) geschossen. Spezialisiert haben wir uns auf die Luftpistole und die Kleinkaliberdisziplinen des DSB. Organisiert sind wir im Deutschen Sch\u00fctzenbund und seiner Untergliederung, dem Rheinischen Sch\u00fctzenbund. Neben den Meisterschaften auf Kreis-, Bezirks- und nationaler Ebene schie\u00dfen wir mit der Luftpistolenmannschaft aktuell in der Landesliga. Durch unser Training und vereinsinterne (freiwillige) Leistungsvergleiche mit Wettkampfcharakter bereiten wir unsere Sch\u00fctzen\/-innen auf die Teilnahme an Meisterschaften und Ligawettk\u00e4mpfen vor.<\/p>\n<p>Das Schie\u00dfen mit der Kurzwaffe ist ein sehr komplexer Vorgang. Die entsprechende Technik umzusetzen, stellt hohe Anforderungen an die Sch\u00fctzen\/-innen. Konzentrationsf\u00e4higkeit, K\u00f6rper- und Gleichgewichtssinn werden ebenso ben\u00f6tigt wie eine trainierte Muskulatur in Schulter, Arm und Rumpf. In unserem Training werden die komplexen Vorg\u00e4nge des Umgangs mit der Kurzwaffe in Schritten erlernt und durch kontinuierliches Training automatisiert und verinnerlicht.<\/p>\n<p>Sollten Sie Interesse daran haben, diesen interessanten Sport zu erlernen, dann melden Sie sich gerne bei uns! F\u00fcr Anf\u00e4nger, die den Sport einmal ausprobieren m\u00f6chten, stehen Vereinswaffen f\u00fcr Schnuppertrainings zur Verf\u00fcgung. Gerne nehmen wir uns die Zeit, Sie mit den ersten Basics vertraut zu machen. Am besten melden Sie sich vorab f\u00fcr eine Terminvereinbarung per Mail an <a href=\"mailto:schiesssport@psvbonn.de\">schiesssport [at] psvbonn.de<\/a><\/p>\n<div>\u00a0<\/div>\n<div class=\"default-style\"><strong>Die Schnuppertrainingseinheiten finden ausschlie\u00dflich mit Match-Luftpistolen und einh\u00e4ndig statt. Die Entfernung zur Zielscheibe betr\u00e4gt 10 Meter.<\/strong><\/div>\n<div>Auf Grund einer nicht unerheblichen Anzahl an Interessenten, werde erst ab 2026 Interessenten wieder auf die Warteliste aufgenommen.<\/div>\n<div>\u00a0<\/div>\n<div>Wir bitten um Ihr Verst\u00e4ndnis.<\/div>\n<div>\u00a0<\/div>\n<p>Die Trainingsst\u00e4tte der Schie\u00dfsportabteilung des PSV Bonn ist die Standanlage der Sportsch\u00fctzen \u00c4nnchen Bad Godesberg 1957 e.V. in 53175 Bonn, Friesdorfer Str. 244a (Zufahrt gegen\u00fcber der Aral Tankstelle).<\/p>\n<div>\u00a0<\/div>\n<p>Zuletzt noch ein Hinweis: Wir sind kein Waffenbeschaffungsverein, keine Ansammlung von Waffennarren und es geht uns nicht um Ballerei. Wer auf der Suche nach diesen Dingen ist, ist bei uns falsch!<\/p>\n<p>* Gesonderte gesetzliche Regelungen f\u00fcr Minderj\u00e4hrige.<\/p>\n<p style=\"text-align: left;\">Ihr Ansprechpartner der Schie\u00dfsportabteilung ist <strong>David Lahr<\/strong>\u00a0(Abteilungsleiter) Email:\u00a0\u00a0<a href=\"mailto:schiesssport@psvbonn.de\" target=\"_blank\" rel=\"noopener noreferrer\">schiesssport [at] psvbonn.de<\/a><\/p>\n<p style=\"text-align: left;\"><strong>Die Beitragsordnung der Abteilung Sportschie\u00dfen k\u00f6nnen Sie unter folgendem Link als PDF-Dokument aufrufen und nachlesen:\u00a0<\/strong><strong><a href=\"https:\/\/www.psvbonn.de\/wp\/wp-content\/uploads\/2023\/12\/Beitragsordnung-Schiesssport.pdf\">Beitragsordnung Schie\u00dfsport<\/a><\/strong><\/p>\n\n\n<p><\/p>\n\n\n\n<p><\/p>\n\n\n\n<p><a href=\"https:\/\/www.psvbonn.de\/wp\/wp-content\/uploads\/2024\/10\/KM-BM-KM2025.pdf\"><strong>Termin\u00fcbersicht der Kreis-, Bezirks- und Landesverbandsmeisterschaften 2025<\/strong><\/a><\/p>\n\n\n\n<p><\/p>\n","protected":false},"excerpt":{"rendered":"<p>Willkommen auf der Seite der Sportsch\u00fctzen im PSV Bonn! Schie\u00dfen (lernen) kann bei uns jeder \u2013 unabh\u00e4ngig von Alter* und Geschlecht und um bei uns Mitglied zu werden, muss man nicht der Polizei angeh\u00f6ren. Bei uns wird ausschlie\u00dflich mit Kurzwaffen (Pistole und Revolver) geschossen. Spezialisiert haben wir uns auf die Luftpistole und die Kleinkaliberdisziplinen des DSB. Organisiert sind wir im Deutschen Sch\u00fctzenbund und seiner Untergliederung, dem Rheinischen Sch\u00fctzenbund. Neben den Meisterschaften auf Kreis-, Bezirks- und nationaler Ebene schie\u00dfen wir mit der Luftpistolenmannschaft aktuell in der Landesliga. Durch unser Training und vereinsinterne (freiwillige) Leistungsvergleiche mit Wettkampfcharakter bereiten wir unsere Sch\u00fctzen\/-innen auf<\/p>\n","protected":false},"author":1,"featured_media":0,"parent":0,"menu_order":0,"comment_status":"open","ping_status":"open","template":"","meta":{"footnotes":""},"class_list":["post-39","page","type-page","status-publish","hentry"],"_links":{"self":[{"href":"https:\/\/www.psvbonn.de\/wp\/wp-json\/wp\/v2\/pages\/39","targetHints":{"allow":["GET"]}}],"collection":[{"href":"https:\/\/www.psvbonn.de\/wp\/wp-json\/wp\/v2\/pages"}],"about":[{"href":"https:\/\/www.psvbonn.de\/wp\/wp-json\/wp\/v2\/types\/page"}],"author":[{"embeddable":true,"href":"https:\/\/www.psvbonn.de\/wp\/wp-json\/wp\/v2\/users\/1"}],"replies":[{"embeddable":true,"href":"https:\/\/www.psvbonn.de\/wp\/wp-json\/wp\/v2\/comments?post=39"}],"version-history":[{"count":30,"href":"https:\/\/www.psvbonn.de\/wp\/wp-json\/wp\/v2\/pages\/39\/revisions"}],"predecessor-version":[{"id":425,"href":"https:\/\/www.psvbonn.de\/wp\/wp-json\/wp\/v2\/pages\/39\/revisions\/425"}],"wp:attachment":[{"href":"https:\/\/www.psvbonn.de\/wp\/wp-json\/wp\/v2\/media?parent=39"}],"curies":[{"name":"wp","href":"https:\/\/api.w.org\/{rel}","templated":true}]}}